{"id":1313,"date":"2021-11-24T15:03:31","date_gmt":"2021-11-24T14:03:31","guid":{"rendered":"http:\/\/kozlowskiwedliny.pl\/career\/"},"modified":"2021-11-30T14:51:24","modified_gmt":"2021-11-30T13:51:24","slug":"career","status":"publish","type":"page","link":"https:\/\/kozlowskiwedliny.pl\/en\/career\/","title":{"rendered":"Career"},"content":{"rendered":"<p>Zak\u0142ady Mi\u0119sne Koz\u0142owski is a company with 30 years of tradition in the meat industry. The company is constantly looking for new development opportunities.<\/p>\n<p>The plant focuses primarily on the highest quality of its products.<\/p>\n<p>We are aware that to achieve this we need people who are fully committed and willing to work.<\/p>\n","protected":false},"excerpt":{"rendered":"<p>Zak\u0142ady Mi\u0119sne Koz\u0142owski is a company with 30 years of tradition in the meat industry. The company is constantly looking for new development opportunities. The plant focuses primarily on the highest quality of its products. We are aware that to achieve this we need people who are fully committed and willing to work.<\/p>\n","protected":false},"author":1,"featured_media":0,"parent":0,"menu_order":0,"comment_status":"closed","ping_status":"closed","template":"page-templates\/carrer.php","meta":{"_acf_changed":false,"inline_featured_image":false,"footnotes":""},"class_list":["post-1313","page","type-page","status-publish","hentry"],"acf":[],"yoast_head":"<!-- This site is optimized with the Yoast SEO plugin v27.5 - https:\/\/yoast.com\/product\/yoast-seo-wordpress\/ -->\n<title>Career - Zak\u0142ady Mi\u0119sne Koz\u0142owski<\/title>\n<meta name=\"robots\" content=\"index, follow, max-snippet:-1, max-image-preview:large, max-video-preview:-1\" \/>\n<link rel=\"canonical\" href=\"https:\/\/kozlowskiwedliny.pl\/en\/career\/\" \/>\n<meta property=\"og:locale\" content=\"en_US\" \/>\n<meta property=\"og:type\" content=\"article\" \/>\n<meta property=\"og:title\" content=\"Career - Zak\u0142ady Mi\u0119sne Koz\u0142owski\" \/>\n<meta property=\"og:description\" content=\"Zak\u0142ady Mi\u0119sne Koz\u0142owski is a company with 30 years of tradition in the meat industry. The company is constantly looking for new development opportunities. The plant focuses primarily on the highest quality of its products. We are aware that to achieve this we need people who are fully committed and willing to work.\" \/>\n<meta property=\"og:url\" content=\"https:\/\/kozlowskiwedliny.pl\/en\/career\/\" \/>\n<meta property=\"og:site_name\" content=\"Zak\u0142ady Mi\u0119sne Koz\u0142owski\" \/>\n<meta property=\"article:modified_time\" content=\"2021-11-30T13:51:24+00:00\" \/>\n<meta name=\"twitter:card\" content=\"summary_large_image\" \/>\n<script type=\"application\/ld+json\" class=\"yoast-schema-graph\">{\"@context\":\"https:\\\/\\\/schema.org\",\"@graph\":[{\"@type\":\"WebPage\",\"@id\":\"https:\\\/\\\/kozlowskiwedliny.pl\\\/en\\\/career\\\/\",\"url\":\"https:\\\/\\\/kozlowskiwedliny.pl\\\/en\\\/career\\\/\",\"name\":\"Career - Zak\u0142ady Mi\u0119sne Koz\u0142owski\",\"isPartOf\":{\"@id\":\"http:\\\/\\\/kozlowskiwedliny.pl\\\/en\\\/#website\"},\"datePublished\":\"2021-11-24T14:03:31+00:00\",\"dateModified\":\"2021-11-30T13:51:24+00:00\",\"breadcrumb\":{\"@id\":\"https:\\\/\\\/kozlowskiwedliny.pl\\\/en\\\/career\\\/#breadcrumb\"},\"inLanguage\":\"en-US\",\"potentialAction\":[{\"@type\":\"ReadAction\",\"target\":[\"https:\\\/\\\/kozlowskiwedliny.pl\\\/en\\\/career\\\/\"]}]},{\"@type\":\"BreadcrumbList\",\"@id\":\"https:\\\/\\\/kozlowskiwedliny.pl\\\/en\\\/career\\\/#breadcrumb\",\"itemListElement\":[{\"@type\":\"ListItem\",\"position\":1,\"name\":\"Home\",\"item\":\"http:\\\/\\\/kozlowskiwedliny.pl\\\/en\\\/\"},{\"@type\":\"ListItem\",\"position\":2,\"name\":\"Career\"}]},{\"@type\":\"WebSite\",\"@id\":\"http:\\\/\\\/kozlowskiwedliny.pl\\\/en\\\/#website\",\"url\":\"http:\\\/\\\/kozlowskiwedliny.pl\\\/en\\\/\",\"name\":\"Zak\u0142ady Mi\u0119sne Koz\u0142owski\",\"description\":\"\",\"potentialAction\":[{\"@type\":\"SearchAction\",\"target\":{\"@type\":\"EntryPoint\",\"urlTemplate\":\"http:\\\/\\\/kozlowskiwedliny.pl\\\/en\\\/?s={search_term_string}\"},\"query-input\":{\"@type\":\"PropertyValueSpecification\",\"valueRequired\":true,\"valueName\":\"search_term_string\"}}],\"inLanguage\":\"en-US\"}]}<\/script>\n<!-- \/ Yoast SEO plugin. -->","yoast_head_json":{"title":"Career - Zak\u0142ady Mi\u0119sne Koz\u0142owski","robots":{"index":"index","follow":"follow","max-snippet":"max-snippet:-1","max-image-preview":"max-image-preview:large","max-video-preview":"max-video-preview:-1"},"canonical":"https:\/\/kozlowskiwedliny.pl\/en\/career\/","og_locale":"en_US","og_type":"article","og_title":"Career - Zak\u0142ady Mi\u0119sne Koz\u0142owski","og_description":"Zak\u0142ady Mi\u0119sne Koz\u0142owski is a company with 30 years of tradition in the meat industry. The company is constantly looking for new development opportunities. The plant focuses primarily on the highest quality of its products. We are aware that to achieve this we need people who are fully committed and willing to work.","og_url":"https:\/\/kozlowskiwedliny.pl\/en\/career\/","og_site_name":"Zak\u0142ady Mi\u0119sne Koz\u0142owski","article_modified_time":"2021-11-30T13:51:24+00:00","twitter_card":"summary_large_image","schema":{"@context":"https:\/\/schema.org","@graph":[{"@type":"WebPage","@id":"https:\/\/kozlowskiwedliny.pl\/en\/career\/","url":"https:\/\/kozlowskiwedliny.pl\/en\/career\/","name":"Career - Zak\u0142ady Mi\u0119sne Koz\u0142owski","isPartOf":{"@id":"http:\/\/kozlowskiwedliny.pl\/en\/#website"},"datePublished":"2021-11-24T14:03:31+00:00","dateModified":"2021-11-30T13:51:24+00:00","breadcrumb":{"@id":"https:\/\/kozlowskiwedliny.pl\/en\/career\/#breadcrumb"},"inLanguage":"en-US","potentialAction":[{"@type":"ReadAction","target":["https:\/\/kozlowskiwedliny.pl\/en\/career\/"]}]},{"@type":"BreadcrumbList","@id":"https:\/\/kozlowskiwedliny.pl\/en\/career\/#breadcrumb","itemListElement":[{"@type":"ListItem","position":1,"name":"Home","item":"http:\/\/kozlowskiwedliny.pl\/en\/"},{"@type":"ListItem","position":2,"name":"Career"}]},{"@type":"WebSite","@id":"http:\/\/kozlowskiwedliny.pl\/en\/#website","url":"http:\/\/kozlowskiwedliny.pl\/en\/","name":"Zak\u0142ady Mi\u0119sne Koz\u0142owski","description":"","potentialAction":[{"@type":"SearchAction","target":{"@type":"EntryPoint","urlTemplate":"http:\/\/kozlowskiwedliny.pl\/en\/?s={search_term_string}"},"query-input":{"@type":"PropertyValueSpecification","valueRequired":true,"valueName":"search_term_string"}}],"inLanguage":"en-US"}]}},"_links":{"self":[{"href":"https:\/\/kozlowskiwedliny.pl\/en\/wp-json\/wp\/v2\/pages\/1313","targetHints":{"allow":["GET"]}}],"collection":[{"href":"https:\/\/kozlowskiwedliny.pl\/en\/wp-json\/wp\/v2\/pages"}],"about":[{"href":"https:\/\/kozlowskiwedliny.pl\/en\/wp-json\/wp\/v2\/types\/page"}],"author":[{"embeddable":true,"href":"https:\/\/kozlowskiwedliny.pl\/en\/wp-json\/wp\/v2\/users\/1"}],"replies":[{"embeddable":true,"href":"https:\/\/kozlowskiwedliny.pl\/en\/wp-json\/wp\/v2\/comments?post=1313"}],"version-history":[{"count":2,"href":"https:\/\/kozlowskiwedliny.pl\/en\/wp-json\/wp\/v2\/pages\/1313\/revisions"}],"predecessor-version":[{"id":1878,"href":"https:\/\/kozlowskiwedliny.pl\/en\/wp-json\/wp\/v2\/pages\/1313\/revisions\/1878"}],"wp:attachment":[{"href":"https:\/\/kozlowskiwedliny.pl\/en\/wp-json\/wp\/v2\/media?parent=1313"}],"curies":[{"name":"wp","href":"https:\/\/api.w.org\/{rel}","templated":true}]}}