{"id":1322,"date":"2021-11-24T15:56:24","date_gmt":"2021-11-24T14:56:24","guid":{"rendered":"http:\/\/kozlowskiwedliny.pl\/home\/"},"modified":"2026-03-31T13:40:57","modified_gmt":"2026-03-31T11:40:57","slug":"home","status":"publish","type":"page","link":"http:\/\/kozlowskiwedliny.pl\/en\/","title":{"rendered":"Home"},"content":{"rendered":"<h3>A few words for you<\/h3>\n<p>We are a family business, thanks to which we understand each other perfectly. We have full confidence in each other both in private life and in business.<\/p>\n<p>Together we face adversities and look for development opportunities. However, our company is not only the Koz\u0142owski family. It is also, and perhaps above all, our employees who every day make every effort to ensure that the best meat and cold cuts can appear on our clients&#8217; tables.<\/p>\n<p>Our slogan is &#8220;Meats for the whole family&#8221; and it is not accidental, because being a family business, we know perfectly well that the family is the basis and deserves the best.<\/p>\n","protected":false},"excerpt":{"rendered":"<p>A few words for you We are a family business, thanks to which we understand each other perfectly. We have full confidence in each other both in private life and in business. Together we face adversities and look for development opportunities. However, our company is not only the Koz\u0142owski family. It is also, and perhaps [&hellip;]<\/p>\n","protected":false},"author":1,"featured_media":0,"parent":0,"menu_order":0,"comment_status":"closed","ping_status":"closed","template":"page-templates\/homepage.php","meta":{"_acf_changed":false,"inline_featured_image":false,"footnotes":""},"class_list":["post-1322","page","type-page","status-publish","hentry"],"acf":[],"yoast_head":"<!-- This site is optimized with the Yoast SEO plugin v27.6 - https:\/\/yoast.com\/product\/yoast-seo-wordpress\/ -->\n<title>Home - Zak\u0142ady Mi\u0119sne Koz\u0142owski<\/title>\n<meta name=\"robots\" content=\"index, follow, max-snippet:-1, max-image-preview:large, max-video-preview:-1\" \/>\n<link rel=\"canonical\" href=\"http:\/\/kozlowskiwedliny.pl\/en\/\" \/>\n<meta property=\"og:locale\" content=\"en_US\" \/>\n<meta property=\"og:type\" content=\"article\" \/>\n<meta property=\"og:title\" content=\"Home - Zak\u0142ady Mi\u0119sne Koz\u0142owski\" \/>\n<meta property=\"og:description\" content=\"A few words for you We are a family business, thanks to which we understand each other perfectly. We have full confidence in each other both in private life and in business. Together we face adversities and look for development opportunities. However, our company is not only the Koz\u0142owski family. It is also, and perhaps [&hellip;]\" \/>\n<meta property=\"og:url\" content=\"http:\/\/kozlowskiwedliny.pl\/en\/\" \/>\n<meta property=\"og:site_name\" content=\"Zak\u0142ady Mi\u0119sne Koz\u0142owski\" \/>\n<meta property=\"article:modified_time\" content=\"2026-03-31T11:40:57+00:00\" \/>\n<meta name=\"twitter:card\" content=\"summary_large_image\" \/>\n<meta name=\"twitter:label1\" content=\"Est. reading time\" \/>\n\t<meta name=\"twitter:data1\" content=\"1 minute\" \/>\n<script type=\"application\/ld+json\" class=\"yoast-schema-graph\">{\"@context\":\"https:\\\/\\\/schema.org\",\"@graph\":[{\"@type\":\"WebPage\",\"@id\":\"http:\\\/\\\/kozlowskiwedliny.pl\\\/en\\\/\",\"url\":\"http:\\\/\\\/kozlowskiwedliny.pl\\\/en\\\/\",\"name\":\"Home - Zak\u0142ady Mi\u0119sne Koz\u0142owski\",\"isPartOf\":{\"@id\":\"http:\\\/\\\/kozlowskiwedliny.pl\\\/en\\\/#website\"},\"datePublished\":\"2021-11-24T14:56:24+00:00\",\"dateModified\":\"2026-03-31T11:40:57+00:00\",\"breadcrumb\":{\"@id\":\"http:\\\/\\\/kozlowskiwedliny.pl\\\/en\\\/#breadcrumb\"},\"inLanguage\":\"en-US\",\"potentialAction\":[{\"@type\":\"ReadAction\",\"target\":[\"http:\\\/\\\/kozlowskiwedliny.pl\\\/en\\\/\"]}]},{\"@type\":\"BreadcrumbList\",\"@id\":\"http:\\\/\\\/kozlowskiwedliny.pl\\\/en\\\/#breadcrumb\",\"itemListElement\":[{\"@type\":\"ListItem\",\"position\":1,\"name\":\"Home\",\"item\":\"https:\\\/\\\/kozlowskiwedliny.pl\\\/en\\\/\"},{\"@type\":\"ListItem\",\"position\":2,\"name\":\"Home\"}]},{\"@type\":\"WebSite\",\"@id\":\"http:\\\/\\\/kozlowskiwedliny.pl\\\/en\\\/#website\",\"url\":\"http:\\\/\\\/kozlowskiwedliny.pl\\\/en\\\/\",\"name\":\"Zak\u0142ady Mi\u0119sne Koz\u0142owski\",\"description\":\"\",\"potentialAction\":[{\"@type\":\"SearchAction\",\"target\":{\"@type\":\"EntryPoint\",\"urlTemplate\":\"http:\\\/\\\/kozlowskiwedliny.pl\\\/en\\\/?s={search_term_string}\"},\"query-input\":{\"@type\":\"PropertyValueSpecification\",\"valueRequired\":true,\"valueName\":\"search_term_string\"}}],\"inLanguage\":\"en-US\"}]}<\/script>\n<!-- \/ Yoast SEO plugin. -->","yoast_head_json":{"title":"Home - Zak\u0142ady Mi\u0119sne Koz\u0142owski","robots":{"index":"index","follow":"follow","max-snippet":"max-snippet:-1","max-image-preview":"max-image-preview:large","max-video-preview":"max-video-preview:-1"},"canonical":"http:\/\/kozlowskiwedliny.pl\/en\/","og_locale":"en_US","og_type":"article","og_title":"Home - Zak\u0142ady Mi\u0119sne Koz\u0142owski","og_description":"A few words for you We are a family business, thanks to which we understand each other perfectly. We have full confidence in each other both in private life and in business. Together we face adversities and look for development opportunities. However, our company is not only the Koz\u0142owski family. It is also, and perhaps [&hellip;]","og_url":"http:\/\/kozlowskiwedliny.pl\/en\/","og_site_name":"Zak\u0142ady Mi\u0119sne Koz\u0142owski","article_modified_time":"2026-03-31T11:40:57+00:00","twitter_card":"summary_large_image","twitter_misc":{"Est. reading time":"1 minute"},"schema":{"@context":"https:\/\/schema.org","@graph":[{"@type":"WebPage","@id":"http:\/\/kozlowskiwedliny.pl\/en\/","url":"http:\/\/kozlowskiwedliny.pl\/en\/","name":"Home - Zak\u0142ady Mi\u0119sne Koz\u0142owski","isPartOf":{"@id":"http:\/\/kozlowskiwedliny.pl\/en\/#website"},"datePublished":"2021-11-24T14:56:24+00:00","dateModified":"2026-03-31T11:40:57+00:00","breadcrumb":{"@id":"http:\/\/kozlowskiwedliny.pl\/en\/#breadcrumb"},"inLanguage":"en-US","potentialAction":[{"@type":"ReadAction","target":["http:\/\/kozlowskiwedliny.pl\/en\/"]}]},{"@type":"BreadcrumbList","@id":"http:\/\/kozlowskiwedliny.pl\/en\/#breadcrumb","itemListElement":[{"@type":"ListItem","position":1,"name":"Home","item":"https:\/\/kozlowskiwedliny.pl\/en\/"},{"@type":"ListItem","position":2,"name":"Home"}]},{"@type":"WebSite","@id":"http:\/\/kozlowskiwedliny.pl\/en\/#website","url":"http:\/\/kozlowskiwedliny.pl\/en\/","name":"Zak\u0142ady Mi\u0119sne Koz\u0142owski","description":"","potentialAction":[{"@type":"SearchAction","target":{"@type":"EntryPoint","urlTemplate":"http:\/\/kozlowskiwedliny.pl\/en\/?s={search_term_string}"},"query-input":{"@type":"PropertyValueSpecification","valueRequired":true,"valueName":"search_term_string"}}],"inLanguage":"en-US"}]}},"_links":{"self":[{"href":"http:\/\/kozlowskiwedliny.pl\/en\/wp-json\/wp\/v2\/pages\/1322","targetHints":{"allow":["GET"]}}],"collection":[{"href":"http:\/\/kozlowskiwedliny.pl\/en\/wp-json\/wp\/v2\/pages"}],"about":[{"href":"http:\/\/kozlowskiwedliny.pl\/en\/wp-json\/wp\/v2\/types\/page"}],"author":[{"embeddable":true,"href":"http:\/\/kozlowskiwedliny.pl\/en\/wp-json\/wp\/v2\/users\/1"}],"replies":[{"embeddable":true,"href":"http:\/\/kozlowskiwedliny.pl\/en\/wp-json\/wp\/v2\/comments?post=1322"}],"version-history":[{"count":1,"href":"http:\/\/kozlowskiwedliny.pl\/en\/wp-json\/wp\/v2\/pages\/1322\/revisions"}],"predecessor-version":[{"id":1323,"href":"http:\/\/kozlowskiwedliny.pl\/en\/wp-json\/wp\/v2\/pages\/1322\/revisions\/1323"}],"wp:attachment":[{"href":"http:\/\/kozlowskiwedliny.pl\/en\/wp-json\/wp\/v2\/media?parent=1322"}],"curies":[{"name":"wp","href":"https:\/\/api.w.org\/{rel}","templated":true}]}}